{"id":2,"date":"2020-08-17T14:54:42","date_gmt":"2020-08-17T14:54:42","guid":{"rendered":"https:\/\/www.studioeyelicious.com\/?page_id=2"},"modified":"2020-11-11T09:02:11","modified_gmt":"2020-11-11T14:02:11","slug":"page-d-exemple","status":"publish","type":"page","link":"https:\/\/www.studioeyelicious.com\/fr\/","title":{"rendered":"Page d&rsquo;accueil"},"content":{"rendered":"<section class=\"h1-container\">\n<div class=\"container\">\n<div class=\"row\">\n<div class=\"col-lg-6 col-xxl-5 order-last order-lg-first\">\n<div class=\"lc-block h1-div\">\n<div editable=\"rich\">\n<h1>Le studio Eyelicious vous offre des poses de cils et des poses d\u2019ongles exceptionnelles \u00e0 Gatineau et nos produits sont disponibles pr\u00e8s de chez vous!&nbsp;<\/h1>\n<\/p><\/div>\n<\/p><\/div>\n<p><!-- \/lc-block --><\/p>\n<div class=\"lc-block\">\n<div lc-helper=\"shortcode\" class=\"live-shortcode\"><a class=\"contact btn\" href=\"https:\/\/www.studioeyelicious.com\/fr\/contact\/\" aria-label=\"Prendre rendez-vous\">Prendre rendez-vous<\/a><\/div>\n<\/p><\/div>\n<p><!-- \/lc-block -->\n\t\t\t<\/div>\n<p><!-- \/col --><\/p>\n<div class=\"col-lg-6 ml-auto order-first order-lg-last\">\n<div class=\"side-title\">\n<div class=\"lc-block\">\n<div lc-helper=\"shortcode\" class=\"live-shortcode imgs\"><img decoding=\"async\" src=\"https:\/\/www.studioeyelicious.com\/wp-content\/themes\/yannickweb-child\/assets\/images\/background-top-header.jpg\" class=\"top-img1 d-none d-xl-block\" alt=\"\"><noscript><img decoding=\"async\" src=\"https:\/\/www.studioeyelicious.com\/wp-content\/themes\/yannickweb-child\/assets\/images\/background-top-header.jpg\" class=\"top-img1 d-none d-xl-block\" alt=\"\"><\/noscript><img decoding=\"async\" src=\"https:\/\/www.studioeyelicious.com\/wp-content\/themes\/yannickweb-child\/assets\/images\/beautiful-women-with-lashes.jpg\" class=\"top-img2\" alt=\"\"><noscript><img decoding=\"async\" src=\"https:\/\/www.studioeyelicious.com\/wp-content\/themes\/yannickweb-child\/assets\/images\/beautiful-women-with-lashes.jpg\" class=\"top-img2\" alt=\"\"><\/noscript><\/div>\n<\/p><\/div>\n<p><!-- \/lc-block -->\n\t\t\t\t<\/div>\n<\/p><\/div>\n<p><!-- \/col -->\n\t\t<\/div>\n<\/p><\/div>\n<\/section>\n<section class=\"main-container\">\n<div class=\"container\">\n<div class=\"row\">\n<div class=\"col-md-10 col-lg-8 col-xl-6 col-xxl-5 mx-auto mx-xl-0\">\n<div class=\"lc-block\">\n<div editable=\"rich\">\n<h2>Le Studio Eyelicious est votre r\u00e9f\u00e9rence pour vos poses d\u2019ongles et de cils \u00e0 Gatineau ! Nos produits sont aussi disponibles pr\u00e8s de chez vous<\/h2>\n<p>Le Studio Eyelicious \u00e0 Gatineau se sp\u00e9cialise dans la pose de cils et d\u2019ongles.<\/p>\n<p>Pour un regard \u00e9clatant en permanence, optez pour notre pose de cils. Nos extensions de cils sont faites avec professionnalisme et pr\u00e9cision, vous laissant avec un r\u00e9sultat satisfaisant. Nos sp\u00e9cialistes sont form\u00e9es en cons\u00e9quence pour vous offrir un service impeccable. Peu importe ce que vous recherchez, nous sommes en mesure de vous conseiller et vous aider. Pour une pose d\u2019extensions de cils un \u00e0 un pour un look naturel ou un look glamour avec une pose volume? Nos sp\u00e9cialistes en extensions de cils sauront vous conseiller dans vos choix tout en respectant l\u2019\u00e9tat de vos cils et leurs sant\u00e9s.<\/p>\n<p>Il en est de m\u00eame pour la pose d\u2019ongles. Nous sommes l\u00e0 pour vous sublimer jusqu\u2019au bout des ongles. Si vous souhaitez vous g\u00e2ter et avoir une pose d\u2019ongles, que ce soit manucure fran\u00e7aise, couleur, ombr\u00e9e, marbr\u00e9e, avec bijoux et bien plus, nos artistes en onglerie sauront vous satisfaire.<\/p>\n<p>Puisque nous savons que ce sont des t\u00e2ches techniques dont peuvent en b\u00e9n\u00e9ficier plusieurs, nous avons rendu des cours disponibles en vous donnant acc\u00e8s \u00e0 notre centre de formation, o\u00f9 nous vous apprendrons toutes les techniques que vous devez savoir pour un rendu professionnel.<\/p>\n<p>Si vous \u00eates \u00e0 Gatineau ou ailleurs et avez des questions, contactez-nous d\u00e8s aujourd\u2019hui et visitez notre boutique pour tous nos produits !<\/p>\n<\/p><\/div>\n<\/p><\/div>\n<p><!-- \/lc-block --><\/p>\n<div class=\"lc-block\">\n<div lc-helper=\"shortcode\" class=\"live-shortcode\"><a class=\"contact btn\" href=\"https:\/\/www.studioeyelicious.com\/fr\/contact\/\" aria-label=\"Obtenez plus d&rsquo;informations\">Obtenez plus d&rsquo;informations<\/a><\/div>\n<\/p><\/div>\n<p><!-- \/lc-block -->\n\t\t\t<\/div>\n<p><!-- \/col --><\/p>\n<div class=\"col-xl-6 ml-auto\">\n<div class=\" h-100 d-flex\">\n<div class=\"lc-block w-100\">\n<div lc-helper=\"shortcode\" class=\"live-shortcode\"><div class=\"services_list\"><h3>Nos services<\/h3><h4>Ce que nous vous offrons...<\/h4><ul><li><span>01<\/span>Pose d'ongles<div class=\"theIcon\"><img decoding=\"async\" src=\"https:\/\/www.studioeyelicious.com\/wp-content\/themes\/yannickweb-child\/assets\/images\/pose-ongles.svg\" class=\"pose-ongles\" alt=\"Pose d'ongles\"><noscript><img decoding=\"async\" src=\"https:\/\/www.studioeyelicious.com\/wp-content\/themes\/yannickweb-child\/assets\/images\/pose-ongles.svg\" class=\"pose-ongles\" alt=\"Pose d'ongles\"><\/noscript><\/div><ul><li>R\u00e9sine tiss\u00e9e<\/li><li>PolyGel<\/li><li>Syst\u00e8me de trempage<\/li><li>Vernis gel \"shellac\"<\/li><\/ul><\/li><li><span>02<\/span>Pose de cils<div class=\"theIcon\"><img decoding=\"async\" src=\"https:\/\/www.studioeyelicious.com\/wp-content\/themes\/yannickweb-child\/assets\/images\/pose-cils.svg\" class=\"pose-cils\" alt=\"Pose de cils\"><noscript><img decoding=\"async\" src=\"https:\/\/www.studioeyelicious.com\/wp-content\/themes\/yannickweb-child\/assets\/images\/pose-cils.svg\" class=\"pose-cils\" alt=\"Pose de cils\"><\/noscript><\/div><ul><li>Classique<\/li><li>2D, 3D<\/li><li>Mega volume<\/li><li>Soie, cachemire<\/li><li>Cils de couleurs<\/li><\/ul><\/li><li><span>03<\/span>Centre de formation<div class=\"theIcon\"><img decoding=\"async\" src=\"https:\/\/www.studioeyelicious.com\/wp-content\/themes\/yannickweb-child\/assets\/images\/formation.svg\" class=\"formation\" alt=\"Centre de formation\"><noscript><img decoding=\"async\" src=\"https:\/\/www.studioeyelicious.com\/wp-content\/themes\/yannickweb-child\/assets\/images\/formation.svg\" class=\"formation\" alt=\"Centre de formation\"><\/noscript><\/div><ul><li>Formation d\u2019ongles<\/li><li>Formation d\u2019extension de cils<\/li><li>Formation de rehaussement de cils<\/li><li>Perfectionnement disponible<\/li><\/ul><\/li><\/ul><\/div><\/div>\n<\/p><\/div>\n<p><!-- \/lc-block -->\n\t\t\t\t<\/div>\n<\/p><\/div>\n<p><!-- \/col -->\n\t\t<\/div>\n<\/p><\/div>\n<\/section>\n<section class=\"gallery-container\">\n<div class=\"container\">\n<div class=\"row\">\n<div class=\"col-md-12\">\n<div class=\"lc-block text-center\">\n<div editable=\"rich\">\n<h5>Galerie<\/h5>\n<\/p><\/div>\n<\/p><\/div>\n<p><!-- \/lc-block --><\/p>\n<div class=\"lc-block\">\n<div lc-helper=\"shortcode\" class=\"live-shortcode\"><div id=\"metaslider-id-71\" style=\"width: 100%;\" class=\"ml-slider-3-99-0 metaslider metaslider-flex metaslider-71 ml-slider ms-theme-default nav-hidden\" role=\"region\" aria-label=\"Galerie\" data-width=\"292\">\n    <div id=\"metaslider_container_71\">\n        <div id=\"metaslider_71\">\n            <ul class='slides'>\n                <li style=\"display: none; width: 100%;\" class=\"slide-96 ms-image \" aria-roledescription=\"slide\" data-date=\"2020-08-18 15:27:42\"><img loading=\"lazy\" decoding=\"async\" src=\"https:\/\/www.studioeyelicious.com\/wp-content\/uploads\/2020\/08\/99152400_546242932705060_4166492510505402368_n-1.jpg\" height=\"292\" width=\"292\" alt=\"\" class=\"slider-71 slide-96 msDefaultImage\" title=\"99152400_546242932705060_4166492510505402368_n\" \/><\/li>\n                <li style=\"display: none; width: 100%;\" class=\"slide-97 ms-image \" aria-roledescription=\"slide\" data-date=\"2020-08-18 15:27:42\"><img loading=\"lazy\" decoding=\"async\" src=\"https:\/\/www.studioeyelicious.com\/wp-content\/uploads\/2020\/08\/100342180_546242769371743_5101259904455278592_n-1.jpg\" height=\"292\" width=\"292\" alt=\"\" class=\"slider-71 slide-97 msDefaultImage\" title=\"100342180_546242769371743_5101259904455278592_n\" \/><\/li>\n                <li style=\"display: none; width: 100%;\" class=\"slide-98 ms-image \" aria-roledescription=\"slide\" data-date=\"2020-08-18 15:27:42\"><img loading=\"lazy\" decoding=\"async\" src=\"https:\/\/www.studioeyelicious.com\/wp-content\/uploads\/2020\/08\/100662829_552744665388220_4611256663431708672_n-1.jpg\" height=\"292\" width=\"292\" alt=\"\" class=\"slider-71 slide-98 msDefaultImage\" title=\"100662829_552744665388220_4611256663431708672_n\" \/><\/li>\n                <li style=\"display: none; width: 100%;\" class=\"slide-99 ms-image \" aria-roledescription=\"slide\" data-date=\"2020-08-18 15:27:42\"><img loading=\"lazy\" decoding=\"async\" src=\"https:\/\/www.studioeyelicious.com\/wp-content\/uploads\/2020\/08\/101656005_552744655388221_4198344962930114560_n-1.jpg\" height=\"292\" width=\"292\" alt=\"\" class=\"slider-71 slide-99 msDefaultImage\" title=\"101656005_552744655388221_4198344962930114560_n\" \/><\/li>\n                <li style=\"display: none; width: 100%;\" class=\"slide-100 ms-image \" aria-roledescription=\"slide\" data-date=\"2020-08-18 15:27:42\"><img loading=\"lazy\" decoding=\"async\" src=\"https:\/\/www.studioeyelicious.com\/wp-content\/uploads\/2020\/08\/101799976_552744658721554_6469342412845088768_n-1.jpg\" height=\"292\" width=\"292\" alt=\"\" class=\"slider-71 slide-100 msDefaultImage\" title=\"101799976_552744658721554_6469342412845088768_n\" \/><\/li>\n                <li style=\"display: none; width: 100%;\" class=\"slide-101 ms-image \" aria-roledescription=\"slide\" data-date=\"2020-08-18 15:27:43\"><img loading=\"lazy\" decoding=\"async\" src=\"https:\/\/www.studioeyelicious.com\/wp-content\/uploads\/2020\/08\/101807733_552744668721553_5766205122019328000_n-1.jpg\" height=\"292\" width=\"292\" alt=\"\" class=\"slider-71 slide-101 msDefaultImage\" title=\"101807733_552744668721553_5766205122019328000_n\" \/><\/li>\n                <li style=\"display: none; width: 100%;\" class=\"slide-102 ms-image \" aria-roledescription=\"slide\" data-date=\"2020-08-18 15:27:43\"><img loading=\"lazy\" decoding=\"async\" src=\"https:\/\/www.studioeyelicious.com\/wp-content\/uploads\/2020\/08\/102261472_552744662054887_7515601746140332032_n-1.jpg\" height=\"292\" width=\"292\" alt=\"\" class=\"slider-71 slide-102 msDefaultImage\" title=\"102261472_552744662054887_7515601746140332032_n\" \/><\/li>\n                <li style=\"display: none; width: 100%;\" class=\"slide-104 ms-image \" aria-roledescription=\"slide\" data-date=\"2020-08-18 15:27:43\"><img loading=\"lazy\" decoding=\"async\" src=\"https:\/\/www.studioeyelicious.com\/wp-content\/uploads\/2020\/08\/83062173_480726382590049_1981940777890086912_n-1.jpg\" height=\"292\" width=\"292\" alt=\"\" class=\"slider-71 slide-104 msDefaultImage\" title=\"83062173_480726382590049_1981940777890086912_n\" \/><\/li>\n                <li style=\"display: none; width: 100%;\" class=\"slide-553 ms-image \" aria-roledescription=\"slide\" data-date=\"2020-08-28 14:39:39\"><img loading=\"lazy\" decoding=\"async\" src=\"https:\/\/www.studioeyelicious.com\/wp-content\/uploads\/2020\/08\/Image.jpg\" height=\"292\" width=\"292\" alt=\"\" class=\"slider-71 slide-553 msDefaultImage\" title=\"Image\" \/><\/li>\n                <li style=\"display: none; width: 100%;\" class=\"slide-554 ms-image \" aria-roledescription=\"slide\" data-date=\"2020-08-28 14:39:39\"><img loading=\"lazy\" decoding=\"async\" src=\"https:\/\/www.studioeyelicious.com\/wp-content\/uploads\/2020\/08\/Image-1.jpg\" height=\"292\" width=\"292\" alt=\"\" class=\"slider-71 slide-554 msDefaultImage\" title=\"Image-(1)\" \/><\/li>\n                <li style=\"display: none; width: 100%;\" class=\"slide-555 ms-image \" aria-roledescription=\"slide\" data-date=\"2020-08-28 14:39:39\"><img loading=\"lazy\" decoding=\"async\" src=\"https:\/\/www.studioeyelicious.com\/wp-content\/uploads\/2020\/08\/Image-2.jpg\" height=\"292\" width=\"292\" alt=\"\" class=\"slider-71 slide-555 msDefaultImage\" title=\"Image-(2)\" \/><\/li>\n                <li style=\"display: none; width: 100%;\" class=\"slide-556 ms-image \" aria-roledescription=\"slide\" data-date=\"2020-08-28 14:39:40\"><img loading=\"lazy\" decoding=\"async\" src=\"https:\/\/www.studioeyelicious.com\/wp-content\/uploads\/2020\/08\/Image-3.jpg\" height=\"292\" width=\"292\" alt=\"\" class=\"slider-71 slide-556 msDefaultImage\" title=\"Image-(3)\" \/><\/li>\n                <li style=\"display: none; width: 100%;\" class=\"slide-557 ms-image \" aria-roledescription=\"slide\" data-date=\"2020-08-28 14:39:40\"><img loading=\"lazy\" decoding=\"async\" src=\"https:\/\/www.studioeyelicious.com\/wp-content\/uploads\/2020\/08\/Image-4.jpg\" height=\"292\" width=\"292\" alt=\"\" class=\"slider-71 slide-557 msDefaultImage\" title=\"Image-(4)\" \/><\/li>\n                <li style=\"display: none; width: 100%;\" class=\"slide-558 ms-image \" aria-roledescription=\"slide\" data-date=\"2020-08-28 14:39:40\"><img loading=\"lazy\" decoding=\"async\" src=\"https:\/\/www.studioeyelicious.com\/wp-content\/uploads\/2020\/08\/Image-5.jpg\" height=\"292\" width=\"292\" alt=\"\" class=\"slider-71 slide-558 msDefaultImage\" title=\"Image-(5)\" \/><\/li>\n                <li style=\"display: none; width: 100%;\" class=\"slide-559 ms-image \" aria-roledescription=\"slide\" data-date=\"2020-08-28 14:39:40\"><img loading=\"lazy\" decoding=\"async\" src=\"https:\/\/www.studioeyelicious.com\/wp-content\/uploads\/2020\/08\/Image-6.jpg\" height=\"292\" width=\"292\" alt=\"\" class=\"slider-71 slide-559 msDefaultImage\" title=\"Image-(6)\" \/><\/li>\n                <li style=\"display: none; width: 100%;\" class=\"slide-560 ms-image \" aria-roledescription=\"slide\" data-date=\"2020-08-28 14:39:40\"><img loading=\"lazy\" decoding=\"async\" src=\"https:\/\/www.studioeyelicious.com\/wp-content\/uploads\/2020\/08\/Image-7.jpg\" height=\"292\" width=\"292\" alt=\"\" class=\"slider-71 slide-560 msDefaultImage\" title=\"Image-(7)\" \/><\/li>\n            <\/ul>\n        <\/div>\n        \n    <\/div>\n<\/div><\/div>\n<\/p><\/div>\n<p><!-- \/lc-block -->\n\t\t\t<\/div>\n<p><!-- \/col -->\n\t\t<\/div>\n<\/p><\/div>\n<\/section>\n","protected":false},"excerpt":{"rendered":"<p>Le studio Eyelicious vous offre des poses de cils et des poses d\u2019ongles exceptionnelles \u00e0 Gatineau et nos produits sont disponibles pr\u00e8s de chez vous!&nbsp; Le Studio Eyelicious est votre r\u00e9f\u00e9rence pour vos poses d\u2019ongles et de cils \u00e0 Gatineau ! Nos produits sont aussi disponibles pr\u00e8s de chez vous Le Studio Eyelicious \u00e0 Gatineau [&hellip;]<\/p>\n","protected":false},"author":1,"featured_media":0,"parent":0,"menu_order":0,"comment_status":"closed","ping_status":"open","template":"","meta":{"footnotes":""},"class_list":["post-2","page","type-page","status-publish","hentry"],"yoast_head":"<!-- This site is optimized with the Yoast SEO plugin v25.3.1 - https:\/\/yoast.com\/wordpress\/plugins\/seo\/ -->\n<title>Studio Eyelicious | Pose d\u2019ongles et de cils \u00e0 Gatineau<\/title>\n<meta name=\"description\" content=\"Studio Eyelicious | Nous sommes disponibles pour toutes vos poses de cils et poses d\u2019ongles \u00e0 Gatineau et nos produits sont disponibles partout au Canada !\" \/>\n<meta name=\"robots\" content=\"index, follow, max-snippet:-1, max-image-preview:large, max-video-preview:-1\" \/>\n<link rel=\"canonical\" href=\"https:\/\/www.studioeyelicious.com\/fr\/\" \/>\n<meta property=\"og:locale\" content=\"fr_FR\" \/>\n<meta property=\"og:type\" content=\"article\" \/>\n<meta property=\"og:title\" content=\"Studio Eyelicious | Pose d\u2019ongles et de cils \u00e0 Gatineau\" \/>\n<meta property=\"og:description\" content=\"Studio Eyelicious | Nous sommes disponibles pour toutes vos poses de cils et poses d\u2019ongles \u00e0 Gatineau et nos produits sont disponibles partout au Canada !\" \/>\n<meta property=\"og:url\" content=\"https:\/\/www.studioeyelicious.com\/fr\/\" \/>\n<meta property=\"og:site_name\" content=\"Studio Eyelicious\" \/>\n<meta property=\"article:modified_time\" content=\"2020-11-11T14:02:11+00:00\" \/>\n<meta name=\"twitter:card\" content=\"summary_large_image\" \/>\n<meta name=\"twitter:label1\" content=\"Dur\u00e9e de lecture estim\u00e9e\" \/>\n\t<meta name=\"twitter:data1\" content=\"2 minutes\" \/>\n<script type=\"application\/ld+json\" class=\"yoast-schema-graph\">{\"@context\":\"https:\/\/schema.org\",\"@graph\":[{\"@type\":\"WebPage\",\"@id\":\"https:\/\/www.studioeyelicious.com\/fr\/\",\"url\":\"https:\/\/www.studioeyelicious.com\/fr\/\",\"name\":\"Studio Eyelicious | Pose d\u2019ongles et de cils \u00e0 Gatineau\",\"isPartOf\":{\"@id\":\"https:\/\/www.studioeyelicious.com\/fr\/#website\"},\"datePublished\":\"2020-08-17T14:54:42+00:00\",\"dateModified\":\"2020-11-11T14:02:11+00:00\",\"description\":\"Studio Eyelicious | Nous sommes disponibles pour toutes vos poses de cils et poses d\u2019ongles \u00e0 Gatineau et nos produits sont disponibles partout au Canada !\",\"breadcrumb\":{\"@id\":\"https:\/\/www.studioeyelicious.com\/fr\/#breadcrumb\"},\"inLanguage\":\"fr-FR\",\"potentialAction\":[{\"@type\":\"ReadAction\",\"target\":[\"https:\/\/www.studioeyelicious.com\/fr\/\"]}]},{\"@type\":\"BreadcrumbList\",\"@id\":\"https:\/\/www.studioeyelicious.com\/fr\/#breadcrumb\",\"itemListElement\":[{\"@type\":\"ListItem\",\"position\":1,\"name\":\"Accueil\",\"item\":\"https:\/\/www.studioeyelicious.com\/fr\/\"},{\"@type\":\"ListItem\",\"position\":2,\"name\":\"Page d&rsquo;accueil\"}]},{\"@type\":\"WebSite\",\"@id\":\"https:\/\/www.studioeyelicious.com\/fr\/#website\",\"url\":\"https:\/\/www.studioeyelicious.com\/fr\/\",\"name\":\"Studio Eyelicious\",\"description\":\"Un site utilisant WordPress\",\"publisher\":{\"@id\":\"https:\/\/www.studioeyelicious.com\/fr\/#organization\"},\"potentialAction\":[{\"@type\":\"SearchAction\",\"target\":{\"@type\":\"EntryPoint\",\"urlTemplate\":\"https:\/\/www.studioeyelicious.com\/fr\/?s={search_term_string}\"},\"query-input\":{\"@type\":\"PropertyValueSpecification\",\"valueRequired\":true,\"valueName\":\"search_term_string\"}}],\"inLanguage\":\"fr-FR\"},{\"@type\":\"Organization\",\"@id\":\"https:\/\/www.studioeyelicious.com\/fr\/#organization\",\"name\":\"Studio Eyelicious\",\"url\":\"https:\/\/www.studioeyelicious.com\/fr\/\",\"logo\":{\"@type\":\"ImageObject\",\"inLanguage\":\"fr-FR\",\"@id\":\"https:\/\/www.studioeyelicious.com\/fr\/#\/schema\/logo\/image\/\",\"url\":\"https:\/\/www.studioeyelicious.com\/wp-content\/uploads\/2020\/08\/logo.jpg\",\"contentUrl\":\"https:\/\/www.studioeyelicious.com\/wp-content\/uploads\/2020\/08\/logo.jpg\",\"width\":356,\"height\":195,\"caption\":\"Studio Eyelicious\"},\"image\":{\"@id\":\"https:\/\/www.studioeyelicious.com\/fr\/#\/schema\/logo\/image\/\"}}]}<\/script>\n<!-- \/ Yoast SEO plugin. -->","yoast_head_json":{"title":"Studio Eyelicious | Pose d\u2019ongles et de cils \u00e0 Gatineau","description":"Studio Eyelicious | Nous sommes disponibles pour toutes vos poses de cils et poses d\u2019ongles \u00e0 Gatineau et nos produits sont disponibles partout au Canada !","robots":{"index":"index","follow":"follow","max-snippet":"max-snippet:-1","max-image-preview":"max-image-preview:large","max-video-preview":"max-video-preview:-1"},"canonical":"https:\/\/www.studioeyelicious.com\/fr\/","og_locale":"fr_FR","og_type":"article","og_title":"Studio Eyelicious | Pose d\u2019ongles et de cils \u00e0 Gatineau","og_description":"Studio Eyelicious | Nous sommes disponibles pour toutes vos poses de cils et poses d\u2019ongles \u00e0 Gatineau et nos produits sont disponibles partout au Canada !","og_url":"https:\/\/www.studioeyelicious.com\/fr\/","og_site_name":"Studio Eyelicious","article_modified_time":"2020-11-11T14:02:11+00:00","twitter_card":"summary_large_image","twitter_misc":{"Dur\u00e9e de lecture estim\u00e9e":"2 minutes"},"schema":{"@context":"https:\/\/schema.org","@graph":[{"@type":"WebPage","@id":"https:\/\/www.studioeyelicious.com\/fr\/","url":"https:\/\/www.studioeyelicious.com\/fr\/","name":"Studio Eyelicious | Pose d\u2019ongles et de cils \u00e0 Gatineau","isPartOf":{"@id":"https:\/\/www.studioeyelicious.com\/fr\/#website"},"datePublished":"2020-08-17T14:54:42+00:00","dateModified":"2020-11-11T14:02:11+00:00","description":"Studio Eyelicious | Nous sommes disponibles pour toutes vos poses de cils et poses d\u2019ongles \u00e0 Gatineau et nos produits sont disponibles partout au Canada !","breadcrumb":{"@id":"https:\/\/www.studioeyelicious.com\/fr\/#breadcrumb"},"inLanguage":"fr-FR","potentialAction":[{"@type":"ReadAction","target":["https:\/\/www.studioeyelicious.com\/fr\/"]}]},{"@type":"BreadcrumbList","@id":"https:\/\/www.studioeyelicious.com\/fr\/#breadcrumb","itemListElement":[{"@type":"ListItem","position":1,"name":"Accueil","item":"https:\/\/www.studioeyelicious.com\/fr\/"},{"@type":"ListItem","position":2,"name":"Page d&rsquo;accueil"}]},{"@type":"WebSite","@id":"https:\/\/www.studioeyelicious.com\/fr\/#website","url":"https:\/\/www.studioeyelicious.com\/fr\/","name":"Studio Eyelicious","description":"Un site utilisant WordPress","publisher":{"@id":"https:\/\/www.studioeyelicious.com\/fr\/#organization"},"potentialAction":[{"@type":"SearchAction","target":{"@type":"EntryPoint","urlTemplate":"https:\/\/www.studioeyelicious.com\/fr\/?s={search_term_string}"},"query-input":{"@type":"PropertyValueSpecification","valueRequired":true,"valueName":"search_term_string"}}],"inLanguage":"fr-FR"},{"@type":"Organization","@id":"https:\/\/www.studioeyelicious.com\/fr\/#organization","name":"Studio Eyelicious","url":"https:\/\/www.studioeyelicious.com\/fr\/","logo":{"@type":"ImageObject","inLanguage":"fr-FR","@id":"https:\/\/www.studioeyelicious.com\/fr\/#\/schema\/logo\/image\/","url":"https:\/\/www.studioeyelicious.com\/wp-content\/uploads\/2020\/08\/logo.jpg","contentUrl":"https:\/\/www.studioeyelicious.com\/wp-content\/uploads\/2020\/08\/logo.jpg","width":356,"height":195,"caption":"Studio Eyelicious"},"image":{"@id":"https:\/\/www.studioeyelicious.com\/fr\/#\/schema\/logo\/image\/"}}]}},"_links":{"self":[{"href":"https:\/\/www.studioeyelicious.com\/fr\/wp-json\/wp\/v2\/pages\/2","targetHints":{"allow":["GET"]}}],"collection":[{"href":"https:\/\/www.studioeyelicious.com\/fr\/wp-json\/wp\/v2\/pages"}],"about":[{"href":"https:\/\/www.studioeyelicious.com\/fr\/wp-json\/wp\/v2\/types\/page"}],"author":[{"embeddable":true,"href":"https:\/\/www.studioeyelicious.com\/fr\/wp-json\/wp\/v2\/users\/1"}],"replies":[{"embeddable":true,"href":"https:\/\/www.studioeyelicious.com\/fr\/wp-json\/wp\/v2\/comments?post=2"}],"version-history":[{"count":26,"href":"https:\/\/www.studioeyelicious.com\/fr\/wp-json\/wp\/v2\/pages\/2\/revisions"}],"predecessor-version":[{"id":1965,"href":"https:\/\/www.studioeyelicious.com\/fr\/wp-json\/wp\/v2\/pages\/2\/revisions\/1965"}],"wp:attachment":[{"href":"https:\/\/www.studioeyelicious.com\/fr\/wp-json\/wp\/v2\/media?parent=2"}],"curies":[{"name":"wp","href":"https:\/\/api.w.org\/{rel}","templated":true}]}}