{"id":5972,"date":"2022-08-19T17:01:20","date_gmt":"2022-08-19T21:01:20","guid":{"rendered":"https:\/\/www.studioeyelicious.com\/?post_type=product&#038;p=5972"},"modified":"2024-08-20T07:46:08","modified_gmt":"2024-08-20T11:46:08","slug":"colle-azul","status":"publish","type":"product","link":"https:\/\/www.studioeyelicious.com\/en\/produit\/colle-azul\/","title":{"rendered":"Colle azul"},"content":{"rendered":"","protected":false},"excerpt":{"rendered":"<p>Elle se nomme la Azul puisqu\u2019elle est bleu clair comme l\u2019oc\u00e9an \ud83c\udf0a<\/p>\n<p>Vous tomberez en amour avec celle-ci!<br \/>\n&#8211; Temps de s\u00e9chage entre 0.3 \u00e0 0.5 secondes.<br \/>\n&#8211; Humidit\u00e9 30% \u00e0 70%.<br \/>\n&#8211; Tranparente bleu clair<br \/>\nPrix 75$ plus taxes.<\/p>\n","protected":false},"featured_media":5973,"comment_status":"closed","ping_status":"closed","template":"","meta":[],"product_brand":[],"product_cat":[39],"product_tag":[],"class_list":{"0":"post-5972","1":"product","2":"type-product","3":"status-publish","4":"has-post-thumbnail","6":"product_cat-colle","8":"first","9":"instock","10":"sale","11":"taxable","12":"shipping-taxable","13":"purchasable","14":"product-type-simple"},"yoast_head":"<!-- This site is optimized with the Yoast SEO plugin v25.3.1 - https:\/\/yoast.com\/wordpress\/plugins\/seo\/ -->\n<title>Colle azul | Studio Eyelicious<\/title>\n<meta name=\"robots\" content=\"index, follow, max-snippet:-1, max-image-preview:large, max-video-preview:-1\" \/>\n<link rel=\"canonical\" href=\"https:\/\/www.studioeyelicious.com\/en\/produit\/colle-azul\/\" \/>\n<meta property=\"og:locale\" content=\"en_US\" \/>\n<meta property=\"og:type\" content=\"article\" \/>\n<meta property=\"og:title\" content=\"Colle azul | Studio Eyelicious\" \/>\n<meta property=\"og:description\" content=\"Elle se nomme la Azul puisqu\u2019elle est bleu clair comme l\u2019oc\u00e9an \ud83c\udf0a  Vous tomberez en amour avec celle-ci! - Temps de s\u00e9chage entre 0.3 \u00e0 0.5 secondes. - Humidit\u00e9 30% \u00e0 70%. - Tranparente bleu clair Prix 75$ plus taxes.\" \/>\n<meta property=\"og:url\" content=\"https:\/\/www.studioeyelicious.com\/en\/produit\/colle-azul\/\" \/>\n<meta property=\"og:site_name\" content=\"Studio Eyelicious\" \/>\n<meta property=\"article:modified_time\" content=\"2024-08-20T11:46:08+00:00\" \/>\n<meta property=\"og:image\" content=\"https:\/\/www.studioeyelicious.com\/wp-content\/uploads\/2022\/08\/07E3A0F8-C7A8-4499-A7FA-237780FFEF36.jpeg\" \/>\n\t<meta property=\"og:image:width\" content=\"1170\" \/>\n\t<meta property=\"og:image:height\" content=\"1147\" \/>\n\t<meta property=\"og:image:type\" content=\"image\/jpeg\" \/>\n<meta name=\"twitter:card\" content=\"summary_large_image\" \/>\n<script type=\"application\/ld+json\" class=\"yoast-schema-graph\">{\"@context\":\"https:\/\/schema.org\",\"@graph\":[{\"@type\":\"WebPage\",\"@id\":\"https:\/\/www.studioeyelicious.com\/en\/produit\/colle-azul\/\",\"url\":\"https:\/\/www.studioeyelicious.com\/en\/produit\/colle-azul\/\",\"name\":\"Colle azul | Studio Eyelicious\",\"isPartOf\":{\"@id\":\"https:\/\/www.studioeyelicious.com\/en\/#website\"},\"primaryImageOfPage\":{\"@id\":\"https:\/\/www.studioeyelicious.com\/en\/produit\/colle-azul\/#primaryimage\"},\"image\":{\"@id\":\"https:\/\/www.studioeyelicious.com\/en\/produit\/colle-azul\/#primaryimage\"},\"thumbnailUrl\":\"https:\/\/www.studioeyelicious.com\/wp-content\/uploads\/2022\/08\/07E3A0F8-C7A8-4499-A7FA-237780FFEF36.jpeg\",\"datePublished\":\"2022-08-19T21:01:20+00:00\",\"dateModified\":\"2024-08-20T11:46:08+00:00\",\"breadcrumb\":{\"@id\":\"https:\/\/www.studioeyelicious.com\/en\/produit\/colle-azul\/#breadcrumb\"},\"inLanguage\":\"en-US\",\"potentialAction\":[{\"@type\":\"ReadAction\",\"target\":[\"https:\/\/www.studioeyelicious.com\/en\/produit\/colle-azul\/\"]}]},{\"@type\":\"ImageObject\",\"inLanguage\":\"en-US\",\"@id\":\"https:\/\/www.studioeyelicious.com\/en\/produit\/colle-azul\/#primaryimage\",\"url\":\"https:\/\/www.studioeyelicious.com\/wp-content\/uploads\/2022\/08\/07E3A0F8-C7A8-4499-A7FA-237780FFEF36.jpeg\",\"contentUrl\":\"https:\/\/www.studioeyelicious.com\/wp-content\/uploads\/2022\/08\/07E3A0F8-C7A8-4499-A7FA-237780FFEF36.jpeg\",\"width\":1170,\"height\":1147},{\"@type\":\"BreadcrumbList\",\"@id\":\"https:\/\/www.studioeyelicious.com\/en\/produit\/colle-azul\/#breadcrumb\",\"itemListElement\":[{\"@type\":\"ListItem\",\"position\":1,\"name\":\"Accueil\",\"item\":\"https:\/\/www.studioeyelicious.com\/en\/\"},{\"@type\":\"ListItem\",\"position\":2,\"name\":\"Products\",\"item\":\"https:\/\/www.studioeyelicious.com\/en\/products\/\"},{\"@type\":\"ListItem\",\"position\":3,\"name\":\"Colle azul\"}]},{\"@type\":\"WebSite\",\"@id\":\"https:\/\/www.studioeyelicious.com\/en\/#website\",\"url\":\"https:\/\/www.studioeyelicious.com\/en\/\",\"name\":\"Studio Eyelicious\",\"description\":\"Un site utilisant WordPress\",\"publisher\":{\"@id\":\"https:\/\/www.studioeyelicious.com\/en\/#organization\"},\"potentialAction\":[{\"@type\":\"SearchAction\",\"target\":{\"@type\":\"EntryPoint\",\"urlTemplate\":\"https:\/\/www.studioeyelicious.com\/en\/?s={search_term_string}\"},\"query-input\":{\"@type\":\"PropertyValueSpecification\",\"valueRequired\":true,\"valueName\":\"search_term_string\"}}],\"inLanguage\":\"en-US\"},{\"@type\":\"Organization\",\"@id\":\"https:\/\/www.studioeyelicious.com\/en\/#organization\",\"name\":\"Studio Eyelicious\",\"url\":\"https:\/\/www.studioeyelicious.com\/en\/\",\"logo\":{\"@type\":\"ImageObject\",\"inLanguage\":\"en-US\",\"@id\":\"https:\/\/www.studioeyelicious.com\/en\/#\/schema\/logo\/image\/\",\"url\":\"https:\/\/www.studioeyelicious.com\/wp-content\/uploads\/2020\/08\/logo.jpg\",\"contentUrl\":\"https:\/\/www.studioeyelicious.com\/wp-content\/uploads\/2020\/08\/logo.jpg\",\"width\":356,\"height\":195,\"caption\":\"Studio Eyelicious\"},\"image\":{\"@id\":\"https:\/\/www.studioeyelicious.com\/en\/#\/schema\/logo\/image\/\"}}]}<\/script>\n<!-- \/ Yoast SEO plugin. -->","yoast_head_json":{"title":"Colle azul | Studio Eyelicious","robots":{"index":"index","follow":"follow","max-snippet":"max-snippet:-1","max-image-preview":"max-image-preview:large","max-video-preview":"max-video-preview:-1"},"canonical":"https:\/\/www.studioeyelicious.com\/en\/produit\/colle-azul\/","og_locale":"en_US","og_type":"article","og_title":"Colle azul | Studio Eyelicious","og_description":"Elle se nomme la Azul puisqu\u2019elle est bleu clair comme l\u2019oc\u00e9an \ud83c\udf0a  Vous tomberez en amour avec celle-ci! - Temps de s\u00e9chage entre 0.3 \u00e0 0.5 secondes. - Humidit\u00e9 30% \u00e0 70%. - Tranparente bleu clair Prix 75$ plus taxes.","og_url":"https:\/\/www.studioeyelicious.com\/en\/produit\/colle-azul\/","og_site_name":"Studio Eyelicious","article_modified_time":"2024-08-20T11:46:08+00:00","og_image":[{"width":1170,"height":1147,"url":"https:\/\/www.studioeyelicious.com\/wp-content\/uploads\/2022\/08\/07E3A0F8-C7A8-4499-A7FA-237780FFEF36.jpeg","type":"image\/jpeg"}],"twitter_card":"summary_large_image","schema":{"@context":"https:\/\/schema.org","@graph":[{"@type":"WebPage","@id":"https:\/\/www.studioeyelicious.com\/en\/produit\/colle-azul\/","url":"https:\/\/www.studioeyelicious.com\/en\/produit\/colle-azul\/","name":"Colle azul | Studio Eyelicious","isPartOf":{"@id":"https:\/\/www.studioeyelicious.com\/en\/#website"},"primaryImageOfPage":{"@id":"https:\/\/www.studioeyelicious.com\/en\/produit\/colle-azul\/#primaryimage"},"image":{"@id":"https:\/\/www.studioeyelicious.com\/en\/produit\/colle-azul\/#primaryimage"},"thumbnailUrl":"https:\/\/www.studioeyelicious.com\/wp-content\/uploads\/2022\/08\/07E3A0F8-C7A8-4499-A7FA-237780FFEF36.jpeg","datePublished":"2022-08-19T21:01:20+00:00","dateModified":"2024-08-20T11:46:08+00:00","breadcrumb":{"@id":"https:\/\/www.studioeyelicious.com\/en\/produit\/colle-azul\/#breadcrumb"},"inLanguage":"en-US","potentialAction":[{"@type":"ReadAction","target":["https:\/\/www.studioeyelicious.com\/en\/produit\/colle-azul\/"]}]},{"@type":"ImageObject","inLanguage":"en-US","@id":"https:\/\/www.studioeyelicious.com\/en\/produit\/colle-azul\/#primaryimage","url":"https:\/\/www.studioeyelicious.com\/wp-content\/uploads\/2022\/08\/07E3A0F8-C7A8-4499-A7FA-237780FFEF36.jpeg","contentUrl":"https:\/\/www.studioeyelicious.com\/wp-content\/uploads\/2022\/08\/07E3A0F8-C7A8-4499-A7FA-237780FFEF36.jpeg","width":1170,"height":1147},{"@type":"BreadcrumbList","@id":"https:\/\/www.studioeyelicious.com\/en\/produit\/colle-azul\/#breadcrumb","itemListElement":[{"@type":"ListItem","position":1,"name":"Accueil","item":"https:\/\/www.studioeyelicious.com\/en\/"},{"@type":"ListItem","position":2,"name":"Products","item":"https:\/\/www.studioeyelicious.com\/en\/products\/"},{"@type":"ListItem","position":3,"name":"Colle azul"}]},{"@type":"WebSite","@id":"https:\/\/www.studioeyelicious.com\/en\/#website","url":"https:\/\/www.studioeyelicious.com\/en\/","name":"Studio Eyelicious","description":"Un site utilisant WordPress","publisher":{"@id":"https:\/\/www.studioeyelicious.com\/en\/#organization"},"potentialAction":[{"@type":"SearchAction","target":{"@type":"EntryPoint","urlTemplate":"https:\/\/www.studioeyelicious.com\/en\/?s={search_term_string}"},"query-input":{"@type":"PropertyValueSpecification","valueRequired":true,"valueName":"search_term_string"}}],"inLanguage":"en-US"},{"@type":"Organization","@id":"https:\/\/www.studioeyelicious.com\/en\/#organization","name":"Studio Eyelicious","url":"https:\/\/www.studioeyelicious.com\/en\/","logo":{"@type":"ImageObject","inLanguage":"en-US","@id":"https:\/\/www.studioeyelicious.com\/en\/#\/schema\/logo\/image\/","url":"https:\/\/www.studioeyelicious.com\/wp-content\/uploads\/2020\/08\/logo.jpg","contentUrl":"https:\/\/www.studioeyelicious.com\/wp-content\/uploads\/2020\/08\/logo.jpg","width":356,"height":195,"caption":"Studio Eyelicious"},"image":{"@id":"https:\/\/www.studioeyelicious.com\/en\/#\/schema\/logo\/image\/"}}]}},"_links":{"self":[{"href":"https:\/\/www.studioeyelicious.com\/en\/wp-json\/wp\/v2\/product\/5972","targetHints":{"allow":["GET"]}}],"collection":[{"href":"https:\/\/www.studioeyelicious.com\/en\/wp-json\/wp\/v2\/product"}],"about":[{"href":"https:\/\/www.studioeyelicious.com\/en\/wp-json\/wp\/v2\/types\/product"}],"replies":[{"embeddable":true,"href":"https:\/\/www.studioeyelicious.com\/en\/wp-json\/wp\/v2\/comments?post=5972"}],"wp:featuredmedia":[{"embeddable":true,"href":"https:\/\/www.studioeyelicious.com\/en\/wp-json\/wp\/v2\/media\/5973"}],"wp:attachment":[{"href":"https:\/\/www.studioeyelicious.com\/en\/wp-json\/wp\/v2\/media?parent=5972"}],"wp:term":[{"taxonomy":"product_brand","embeddable":true,"href":"https:\/\/www.studioeyelicious.com\/en\/wp-json\/wp\/v2\/product_brand?post=5972"},{"taxonomy":"product_cat","embeddable":true,"href":"https:\/\/www.studioeyelicious.com\/en\/wp-json\/wp\/v2\/product_cat?post=5972"},{"taxonomy":"product_tag","embeddable":true,"href":"https:\/\/www.studioeyelicious.com\/en\/wp-json\/wp\/v2\/product_tag?post=5972"}],"curies":[{"name":"wp","href":"https:\/\/api.w.org\/{rel}","templated":true}]}}